{"id":3498,"date":"2021-08-13T00:00:11","date_gmt":"2021-08-12T22:00:11","guid":{"rendered":"https:\/\/xn--beruhigungsmittel-fr-tiere-h0c.com\/devenir-revendeur\/"},"modified":"2022-03-19T13:05:54","modified_gmt":"2022-03-19T12:05:54","slug":"devenir-revendeur","status":"publish","type":"page","link":"https:\/\/soulmate.swiss\/fr\/devenir-revendeur\/","title":{"rendered":"Devenir revendeur"},"content":{"rendered":"\n<div class=\"row\"  id=\"row-1159628244\">\n\n\n\t<div id=\"col-237239619\" class=\"col small-12 large-12\"  >\n\t\t\t\t<div class=\"col-inner\"  >\n\t\t\t\n\t\t\t\n\n\t<div class=\"img has-hover x md-x lg-x y md-y lg-y\" id=\"image_799055099\">\n\t\t\t\t\t\t\t\t<div class=\"img-inner dark\" >\n\t\t\t<img decoding=\"async\" width=\"713\" height=\"183\" src=\"https:\/\/i0.wp.com\/soulmate.swiss\/wp-content\/uploads\/2020\/11\/PerAnimal-Logo_blau.png?fit=713%2C183&amp;ssl=1\" class=\"attachment-large size-large\" alt=\"PerAnimal\" srcset=\"https:\/\/i0.wp.com\/soulmate.swiss\/wp-content\/uploads\/2020\/11\/PerAnimal-Logo_blau.png?w=713&amp;ssl=1 713w, https:\/\/i0.wp.com\/soulmate.swiss\/wp-content\/uploads\/2020\/11\/PerAnimal-Logo_blau.png?resize=600%2C154&amp;ssl=1 600w\" sizes=\"(max-width: 713px) 100vw, 713px\" \/>\t\t\t\t\t\t\n\t\t\t\t\t<\/div>\n\t\t\t\t\t\t\t\t\n<style>\n#image_799055099 {\n  width: 31%;\n}\n<\/style>\n\t<\/div>\n\t\n\n<p>Vous \u00eates int\u00e9ress\u00e9 par nos produits et souhaitez demander l\u2019acc\u00e8s \u00e0 nos conditions de vente?<\/p>\n<p>Il vous suffit d\u2019utiliser notre formulaire ou de nous envoyer un e-mail \u00e0\u00a0<strong>sales(at)peranimal.com.<\/strong><\/p>\n<p><strong>Nous nous r\u00e9jouissons de vous compter parmi nos partenaires!<\/strong><\/p>\n\n<div class=\"wpcf7 no-js\" id=\"wpcf7-f3492-o1\" lang=\"fr-FR\" dir=\"ltr\" data-wpcf7-id=\"3492\">\n<div class=\"screen-reader-response\"><p role=\"status\" aria-live=\"polite\" aria-atomic=\"true\"><\/p> <ul><\/ul><\/div>\n<form action=\"\/fr\/wp-json\/wp\/v2\/pages\/3498#wpcf7-f3492-o1\" method=\"post\" class=\"wpcf7-form init\" aria-label=\"Formulaire de contact\" novalidate=\"novalidate\" data-status=\"init\">\n<fieldset class=\"hidden-fields-container\"><input type=\"hidden\" name=\"_wpcf7\" value=\"3492\" \/><input type=\"hidden\" name=\"_wpcf7_version\" value=\"6.1.5\" \/><input type=\"hidden\" name=\"_wpcf7_locale\" value=\"fr_FR\" \/><input type=\"hidden\" name=\"_wpcf7_unit_tag\" value=\"wpcf7-f3492-o1\" \/><input type=\"hidden\" name=\"_wpcf7_container_post\" value=\"0\" \/><input type=\"hidden\" name=\"_wpcf7_posted_data_hash\" value=\"\" \/>\n<\/fieldset>\n<p><label>*Enterprise<br \/>\n<span class=\"wpcf7-form-control-wrap\" data-name=\"your-name\"><input size=\"40\" maxlength=\"400\" class=\"wpcf7-form-control wpcf7-text wpcf7-validates-as-required\" aria-required=\"true\" aria-invalid=\"false\" value=\"\" type=\"text\" name=\"your-name\" \/><\/span> <\/label>\n<\/p>\n<p><label>*Personne de contact<br \/>\n<span class=\"wpcf7-form-control-wrap\" data-name=\"your-subject\"><input size=\"40\" maxlength=\"400\" class=\"wpcf7-form-control wpcf7-text wpcf7-validates-as-required\" aria-required=\"true\" aria-invalid=\"false\" value=\"\" type=\"text\" name=\"your-subject\" \/><\/span> <\/label>\n<\/p>\n<p><label>*E-Mail<br \/>\n<span class=\"wpcf7-form-control-wrap\" data-name=\"your-email\"><input size=\"40\" maxlength=\"400\" class=\"wpcf7-form-control wpcf7-email wpcf7-validates-as-required wpcf7-text wpcf7-validates-as-email\" aria-required=\"true\" aria-invalid=\"false\" value=\"\" type=\"email\" name=\"your-email\" \/><\/span> <\/label>\n<\/p>\n<p><label>*Contact<br \/>\n<span class=\"wpcf7-form-control-wrap\" data-name=\"Kontakt\"><input size=\"40\" maxlength=\"400\" class=\"wpcf7-form-control wpcf7-tel wpcf7-validates-as-required wpcf7-text wpcf7-validates-as-tel\" aria-required=\"true\" aria-invalid=\"false\" value=\"\" type=\"tel\" name=\"Kontakt\" \/><\/span> <\/label>\n<\/p>\n<p><label>Message (facultatif)<br \/>\n<span class=\"wpcf7-form-control-wrap\" data-name=\"your-message\"><textarea cols=\"40\" rows=\"10\" maxlength=\"2000\" class=\"wpcf7-form-control wpcf7-textarea\" aria-invalid=\"false\" name=\"your-message\"><\/textarea><\/span> <\/label>\n<\/p>\n<p><input class=\"wpcf7-form-control wpcf7-submit has-spinner\" type=\"submit\" value=\"Envoyer\" \/>\n<\/p><p style=\"display: none !important;\" class=\"akismet-fields-container\" data-prefix=\"_wpcf7_ak_\"><label>&#916;<textarea name=\"_wpcf7_ak_hp_textarea\" cols=\"45\" rows=\"8\" maxlength=\"100\"><\/textarea><\/label><input type=\"hidden\" id=\"ak_js_1\" name=\"_wpcf7_ak_js\" value=\"235\"\/><script>document.getElementById( \"ak_js_1\" ).setAttribute( \"value\", ( new Date() ).getTime() );<\/script><\/p><input type='hidden' class='wpcf7-pum' value='{\"closepopup\":false,\"closedelay\":0,\"openpopup\":false,\"openpopup_id\":0}' \/><div class=\"wpcf7-response-output\" aria-hidden=\"true\"><\/div>\n<\/form>\n<\/div>\n\n\n<\/p>\n\n\t\t<\/div>\n\t\t\t\t\t<\/div>\n\n\t\n\n<\/div>\n\n","protected":false},"excerpt":{"rendered":"","protected":false},"author":1,"featured_media":0,"parent":0,"menu_order":0,"comment_status":"closed","ping_status":"closed","template":"","meta":{"footnotes":""},"class_list":["post-3498","page","type-page","status-publish","hentry"],"yoast_head":"<!-- This site is optimized with the Yoast SEO plugin v27.1.1 - https:\/\/yoast.com\/product\/yoast-seo-wordpress\/ -->\n<title>Devenir revendeur - SoulMate.Swiss<\/title>\n<meta name=\"robots\" content=\"index, follow, max-snippet:-1, max-image-preview:large, max-video-preview:-1\" \/>\n<link rel=\"canonical\" href=\"https:\/\/soulmate.swiss\/fr\/devenir-revendeur\/\" \/>\n<meta property=\"og:locale\" content=\"fr_FR\" \/>\n<meta property=\"og:type\" content=\"article\" \/>\n<meta property=\"og:title\" content=\"Devenir revendeur - SoulMate.Swiss\" \/>\n<meta property=\"og:url\" content=\"https:\/\/soulmate.swiss\/fr\/devenir-revendeur\/\" \/>\n<meta property=\"og:site_name\" content=\"SoulMate.Swiss\" \/>\n<meta property=\"article:publisher\" content=\"https:\/\/de-de.facebook.com\/PerAnimal\/\" \/>\n<meta property=\"article:modified_time\" content=\"2022-03-19T12:05:54+00:00\" \/>\n<meta name=\"twitter:card\" content=\"summary_large_image\" \/>\n<script type=\"application\/ld+json\" class=\"yoast-schema-graph\">{\"@context\":\"https:\/\/schema.org\",\"@graph\":[{\"@type\":\"WebPage\",\"@id\":\"https:\/\/soulmate.swiss\/fr\/devenir-revendeur\/\",\"url\":\"https:\/\/soulmate.swiss\/fr\/devenir-revendeur\/\",\"name\":\"Devenir revendeur - SoulMate.Swiss\",\"isPartOf\":{\"@id\":\"https:\/\/soulmate.swiss\/fr\/#website\"},\"datePublished\":\"2021-08-12T22:00:11+00:00\",\"dateModified\":\"2022-03-19T12:05:54+00:00\",\"breadcrumb\":{\"@id\":\"https:\/\/soulmate.swiss\/fr\/devenir-revendeur\/#breadcrumb\"},\"inLanguage\":\"fr-FR\",\"potentialAction\":[{\"@type\":\"ReadAction\",\"target\":[\"https:\/\/soulmate.swiss\/fr\/devenir-revendeur\/\"]}]},{\"@type\":\"BreadcrumbList\",\"@id\":\"https:\/\/soulmate.swiss\/fr\/devenir-revendeur\/#breadcrumb\",\"itemListElement\":[{\"@type\":\"ListItem\",\"position\":1,\"name\":\"Home\",\"item\":\"https:\/\/soulmate.swiss\/fr\/\"},{\"@type\":\"ListItem\",\"position\":2,\"name\":\"Devenir revendeur\"}]},{\"@type\":\"WebSite\",\"@id\":\"https:\/\/soulmate.swiss\/fr\/#website\",\"url\":\"https:\/\/soulmate.swiss\/fr\/\",\"name\":\"SoulMate.Swiss\",\"description\":\"Made in Switzerland\",\"publisher\":{\"@id\":\"https:\/\/soulmate.swiss\/fr\/#organization\"},\"potentialAction\":[{\"@type\":\"SearchAction\",\"target\":{\"@type\":\"EntryPoint\",\"urlTemplate\":\"https:\/\/soulmate.swiss\/fr\/?s={search_term_string}\"},\"query-input\":{\"@type\":\"PropertyValueSpecification\",\"valueRequired\":true,\"valueName\":\"search_term_string\"}}],\"inLanguage\":\"fr-FR\"},{\"@type\":[\"Organization\",\"Place\"],\"@id\":\"https:\/\/soulmate.swiss\/fr\/#organization\",\"name\":\"PerAnimal\",\"url\":\"https:\/\/soulmate.swiss\/fr\/\",\"logo\":{\"@id\":\"https:\/\/soulmate.swiss\/fr\/devenir-revendeur\/#local-main-organization-logo\"},\"image\":{\"@id\":\"https:\/\/soulmate.swiss\/fr\/devenir-revendeur\/#local-main-organization-logo\"},\"sameAs\":[\"https:\/\/de-de.facebook.com\/PerAnimal\/\"],\"openingHoursSpecification\":[{\"@type\":\"OpeningHoursSpecification\",\"dayOfWeek\":[\"Monday\",\"Tuesday\",\"Wednesday\",\"Thursday\",\"Friday\",\"Saturday\",\"Sunday\"],\"opens\":\"09:00\",\"closes\":\"17:00\"}]},{\"@type\":\"ImageObject\",\"inLanguage\":\"fr-FR\",\"@id\":\"https:\/\/soulmate.swiss\/fr\/devenir-revendeur\/#local-main-organization-logo\",\"url\":\"https:\/\/i0.wp.com\/soulmate.swiss\/wp-content\/uploads\/2022\/03\/soulmate_logo_blau1.png?fit=500%2C277&ssl=1\",\"contentUrl\":\"https:\/\/i0.wp.com\/soulmate.swiss\/wp-content\/uploads\/2022\/03\/soulmate_logo_blau1.png?fit=500%2C277&ssl=1\",\"width\":500,\"height\":277,\"caption\":\"PerAnimal\"}]}<\/script>\n<!-- \/ Yoast SEO plugin. -->","yoast_head_json":{"title":"Devenir revendeur - SoulMate.Swiss","robots":{"index":"index","follow":"follow","max-snippet":"max-snippet:-1","max-image-preview":"max-image-preview:large","max-video-preview":"max-video-preview:-1"},"canonical":"https:\/\/soulmate.swiss\/fr\/devenir-revendeur\/","og_locale":"fr_FR","og_type":"article","og_title":"Devenir revendeur - SoulMate.Swiss","og_url":"https:\/\/soulmate.swiss\/fr\/devenir-revendeur\/","og_site_name":"SoulMate.Swiss","article_publisher":"https:\/\/de-de.facebook.com\/PerAnimal\/","article_modified_time":"2022-03-19T12:05:54+00:00","twitter_card":"summary_large_image","schema":{"@context":"https:\/\/schema.org","@graph":[{"@type":"WebPage","@id":"https:\/\/soulmate.swiss\/fr\/devenir-revendeur\/","url":"https:\/\/soulmate.swiss\/fr\/devenir-revendeur\/","name":"Devenir revendeur - SoulMate.Swiss","isPartOf":{"@id":"https:\/\/soulmate.swiss\/fr\/#website"},"datePublished":"2021-08-12T22:00:11+00:00","dateModified":"2022-03-19T12:05:54+00:00","breadcrumb":{"@id":"https:\/\/soulmate.swiss\/fr\/devenir-revendeur\/#breadcrumb"},"inLanguage":"fr-FR","potentialAction":[{"@type":"ReadAction","target":["https:\/\/soulmate.swiss\/fr\/devenir-revendeur\/"]}]},{"@type":"BreadcrumbList","@id":"https:\/\/soulmate.swiss\/fr\/devenir-revendeur\/#breadcrumb","itemListElement":[{"@type":"ListItem","position":1,"name":"Home","item":"https:\/\/soulmate.swiss\/fr\/"},{"@type":"ListItem","position":2,"name":"Devenir revendeur"}]},{"@type":"WebSite","@id":"https:\/\/soulmate.swiss\/fr\/#website","url":"https:\/\/soulmate.swiss\/fr\/","name":"SoulMate.Swiss","description":"Made in Switzerland","publisher":{"@id":"https:\/\/soulmate.swiss\/fr\/#organization"},"potentialAction":[{"@type":"SearchAction","target":{"@type":"EntryPoint","urlTemplate":"https:\/\/soulmate.swiss\/fr\/?s={search_term_string}"},"query-input":{"@type":"PropertyValueSpecification","valueRequired":true,"valueName":"search_term_string"}}],"inLanguage":"fr-FR"},{"@type":["Organization","Place"],"@id":"https:\/\/soulmate.swiss\/fr\/#organization","name":"PerAnimal","url":"https:\/\/soulmate.swiss\/fr\/","logo":{"@id":"https:\/\/soulmate.swiss\/fr\/devenir-revendeur\/#local-main-organization-logo"},"image":{"@id":"https:\/\/soulmate.swiss\/fr\/devenir-revendeur\/#local-main-organization-logo"},"sameAs":["https:\/\/de-de.facebook.com\/PerAnimal\/"],"openingHoursSpecification":[{"@type":"OpeningHoursSpecification","dayOfWeek":["Monday","Tuesday","Wednesday","Thursday","Friday","Saturday","Sunday"],"opens":"09:00","closes":"17:00"}]},{"@type":"ImageObject","inLanguage":"fr-FR","@id":"https:\/\/soulmate.swiss\/fr\/devenir-revendeur\/#local-main-organization-logo","url":"https:\/\/i0.wp.com\/soulmate.swiss\/wp-content\/uploads\/2022\/03\/soulmate_logo_blau1.png?fit=500%2C277&ssl=1","contentUrl":"https:\/\/i0.wp.com\/soulmate.swiss\/wp-content\/uploads\/2022\/03\/soulmate_logo_blau1.png?fit=500%2C277&ssl=1","width":500,"height":277,"caption":"PerAnimal"}]}},"jetpack_sharing_enabled":true,"_links":{"self":[{"href":"https:\/\/soulmate.swiss\/fr\/wp-json\/wp\/v2\/pages\/3498","targetHints":{"allow":["GET"]}}],"collection":[{"href":"https:\/\/soulmate.swiss\/fr\/wp-json\/wp\/v2\/pages"}],"about":[{"href":"https:\/\/soulmate.swiss\/fr\/wp-json\/wp\/v2\/types\/page"}],"author":[{"embeddable":true,"href":"https:\/\/soulmate.swiss\/fr\/wp-json\/wp\/v2\/users\/1"}],"replies":[{"embeddable":true,"href":"https:\/\/soulmate.swiss\/fr\/wp-json\/wp\/v2\/comments?post=3498"}],"version-history":[{"count":0,"href":"https:\/\/soulmate.swiss\/fr\/wp-json\/wp\/v2\/pages\/3498\/revisions"}],"wp:attachment":[{"href":"https:\/\/soulmate.swiss\/fr\/wp-json\/wp\/v2\/media?parent=3498"}],"curies":[{"name":"wp","href":"https:\/\/api.w.org\/{rel}","templated":true}]}}